{"id":643,"date":"2017-01-02T08:28:52","date_gmt":"2017-01-02T08:28:52","guid":{"rendered":"https:\/\/demo.themegrill.com\/flash-default-2\/?page_id=5"},"modified":"2023-09-11T14:23:02","modified_gmt":"2023-09-11T14:23:02","slug":"home","status":"publish","type":"page","link":"https:\/\/tbinsaat.com\/","title":{"rendered":"Home"},"content":{"rendered":"<div id=\"pl-643\"  class=\"panel-layout\" ><div id=\"pg-643-0\"  class=\"panel-grid panel-has-style\" ><div class=\"siteorigin-panels-stretch panel-row-style panel-row-style-for-643-0\" data-stretch-type=\"full-stretched\" ><div id=\"pgc-643-0-0\"  class=\"panel-grid-cell\" ><div id=\"panel-643-0-0-0\" class=\"so-panel widget widget_themegrill_flash_slider tg-section tg-slider-widget panel-first-child panel-last-child\" data-index=\"0\" ><div class=\"tg-slider-widget slider-dark slider-content-center slider-control-center full-width\">\n\t<div class=\"swiper-container\">\n\t\t<div class=\"swiper-wrapper\">\n\t\t\t\n\t\t\t\t\t<div class=\"swiper-slide\">\n\t\t\t\t\t\t<figure class=\"slider-image\" >\n\t\t\t\t\t\t\t<img width=\"1920\" height=\"700\"\t\t\t\t\t\t\t\t\tsrc=\"http:\/\/tbinsaat.com\/wp-content\/uploads\/2023\/01\/slide2.jpg\"\n\t\t\t\t\t\t\t\t\talt=\"TB \u0130n\u015faat ve Taahh\u00fct\"\n\t\t\t\t\t\t\t\t\ttitle=\"TB \u0130n\u015faat ve Taahh\u00fct\"\/>\n\t\t\t\t\t\t\t<div class=\"overlay\"><\/div>\n\t\t\t\t\t\t<\/figure>\n\t\t\t\t\t\t<div class=\"slider-content\">\n\t\t\t\t\t\t\t<div class=\"tg-container\">\n\t\t\t\t\t\t\t\t<div class=\"caption-title\">TB \u0130n\u015faat ve Taahh\u00fct<\/div>\n\t\t\t\t\t\t\t\t<div class=\"caption-desc\">De\u011fi\u015fim , Yenilenme ve \u00c7\u00f6z\u00fcm Odakl\u0131 Strateji<\/div>\n\t\t\t\t\t\t\t\t\t\t\t\t\t\t\t\t\t<div class=\"btn-wrapper\">\n\t\t\t\t\t\t\t\t\t\t<a href=\"https:\/\/tbinsaat.com\/?page_id=736\">Bilgi Al\u0131n<\/a>\n\t\t\t\t\t\t\t\t\t<\/div>\n\t\t\t\t\t\t\t\t\t\t\t\t\t\t\t<\/div>\n\t\t\t\t\t\t<\/div>\n\t\t\t\t\t<\/div>\n\n\t\t\t\t\n\t\t\t\t\t<div class=\"swiper-slide\">\n\t\t\t\t\t\t<figure class=\"slider-image\" >\n\t\t\t\t\t\t\t<img width=\"1920\" height=\"700\"\t\t\t\t\t\t\t\t\tsrc=\"http:\/\/tbinsaat.com\/wp-content\/uploads\/2023\/01\/slide1.jpg\"\n\t\t\t\t\t\t\t\t\talt=\"TB \u0130n\u015faat ve Taahh\u00fct\"\n\t\t\t\t\t\t\t\t\ttitle=\"TB \u0130n\u015faat ve Taahh\u00fct\"\/>\n\t\t\t\t\t\t\t<div class=\"overlay\"><\/div>\n\t\t\t\t\t\t<\/figure>\n\t\t\t\t\t\t<div class=\"slider-content\">\n\t\t\t\t\t\t\t<div class=\"tg-container\">\n\t\t\t\t\t\t\t\t<div class=\"caption-title\">TB \u0130n\u015faat ve Taahh\u00fct<\/div>\n\t\t\t\t\t\t\t\t<div class=\"caption-desc\">Ayr\u0131nt\u0131l\u0131 , Esnek ve \u00d6l\u00e7eklenebilir Planlama<\/div>\n\t\t\t\t\t\t\t\t\t\t\t\t\t\t\t\t\t<div class=\"btn-wrapper\">\n\t\t\t\t\t\t\t\t\t\t<a href=\"https:\/\/tbinsaat.com\/?page_id=736\">\u0130leti\u015fim<\/a>\n\t\t\t\t\t\t\t\t\t<\/div>\n\t\t\t\t\t\t\t\t\t\t\t\t\t\t\t<\/div>\n\t\t\t\t\t\t<\/div>\n\t\t\t\t\t<\/div>\n\n\t\t\t\t\t\t<\/div>\n\t\t<div class=\"swiper-pagination\"><\/div>\n\t\t<div class=\"slider-arrow\">\n\t\t\t<div class=\"swiper-button-next\"><\/div>\n\t\t\t<div class=\"swiper-button-prev\"><\/div>\n\t\t<\/div>\n\t<\/div>\n<\/div>\n<\/div><\/div><\/div><\/div><div id=\"pg-643-1\"  class=\"panel-grid panel-has-style\" ><div class=\"panel-row-style panel-row-style-for-643-1\" ><div id=\"pgc-643-1-0\"  class=\"panel-grid-cell\" ><div id=\"panel-643-1-0-0\" class=\"so-panel widget widget_themegrill_flash_service tg-widget tg-single-service panel-first-child panel-last-child\" data-index=\"1\" >\n<div class=\"tg-service-widget tg-service-layout-1\">\n\t<div class=\"service-wrapper\">\n\t\t<div class=\"service-icon-title-wrapper clearfix\">\n\t\t\t\t\t\t<div class=\"service-icon-wrap\"><i class=\"fa fa-cog\"><\/i><\/div>\n\t\t\t\t\t\t\t\t\t\t\t\t<h3 class=\"service-title-wrap\">\n\t\t\t\t\t\t\t\t<a href=\"https:\/\/tbinsaat.com\/?page_id=736\">\n\t\t\t\tModern \u0130n\u015faat Teknolojileri\t\t\t\t\t\t\t\t<\/a>\n\t\t\t\t\t\t\t<\/h3>\n\t\t\t\t\t<\/div>\n\t\t\t\t<div class=\"service-content-wrap\">\u0130n\u015faat firmalar\u0131 aras\u0131nda TB \u0130n\u015faat olarak modern teknolojileri in\u015faat sekt\u00f6r\u00fcnde kullanarak h\u0131z, performans ve kaliteli i\u015f\u00e7ilik konusunda en iyi deneyimi elde ediyoruz<\/div>\n\t\t\t\t\t\t<a class=\"service-more\" href=\"https:\/\/tbinsaat.com\/?page_id=736\">B\u0130lgi Al\u0131n<\/a>\n\t\t\t<\/div>\n<\/div>\n<\/div><\/div><div id=\"pgc-643-1-1\"  class=\"panel-grid-cell\" ><div id=\"panel-643-1-1-0\" class=\"so-panel widget widget_themegrill_flash_service tg-widget tg-single-service panel-first-child panel-last-child\" data-index=\"2\" >\n<div class=\"tg-service-widget tg-service-layout-1\">\n\t<div class=\"service-wrapper\">\n\t\t<div class=\"service-icon-title-wrapper clearfix\">\n\t\t\t\t\t\t<div class=\"service-icon-wrap\"><i class=\"fa fa-support\"><\/i><\/div>\n\t\t\t\t\t\t\t\t\t\t\t\t<h3 class=\"service-title-wrap\">\n\t\t\t\t\t\t\t\t<a href=\"https:\/\/tbinsaat.com\/?page_id=736\">\n\t\t\t\t\u0130n\u015faat Taahh\u00fct\t\t\t\t\t\t\t\t<\/a>\n\t\t\t\t\t\t\t<\/h3>\n\t\t\t\t\t<\/div>\n\t\t\t\t<div class=\"service-content-wrap\"> \u0130n\u015faat taahh\u00fct hizmetlerinde ba\u015far\u0131lar\u0131n\u0131 referanslar\u0131 ile kan\u0131tlam\u0131\u015f TB \u0130n\u015faat, yap\u0131lacak olan in\u015faat\u0131 projelendirerek t\u00fcm s\u00fcre\u00e7lerin analizi do\u011frultusunda yap\u0131lacak i\u015fin tan\u0131m\u0131 haz\u0131rlanmaktad\u0131r.<\/div>\n\t\t\t\t\t\t<a class=\"service-more\" href=\"https:\/\/tbinsaat.com\/?page_id=736\">Bilgi Al\u0131n<\/a>\n\t\t\t<\/div>\n<\/div>\n<\/div><\/div><div id=\"pgc-643-1-2\"  class=\"panel-grid-cell\" ><div id=\"panel-643-1-2-0\" class=\"so-panel widget widget_themegrill_flash_service tg-widget tg-single-service panel-first-child panel-last-child\" data-index=\"3\" >\n<div class=\"tg-service-widget tg-service-layout-1\">\n\t<div class=\"service-wrapper\">\n\t\t<div class=\"service-icon-title-wrapper clearfix\">\n\t\t\t\t\t\t<div class=\"service-icon-wrap\"><i class=\"fa fa-chrome\"><\/i><\/div>\n\t\t\t\t\t\t\t\t\t\t\t\t<h3 class=\"service-title-wrap\">\n\t\t\t\t\t\t\t\t<a href=\"https:\/\/tbinsaat.com\/?page_id=736\">\n\t\t\t\tG\u00fcvenilir Hizmet\t\t\t\t\t\t\t\t<\/a>\n\t\t\t\t\t\t\t<\/h3>\n\t\t\t\t\t<\/div>\n\t\t\t\t<div class=\"service-content-wrap\">Profesyonel in\u015faat m\u00fchendisleri ile projelerinizi de\u011ferlendiriyoruz.Projelendirilen t\u00fcm in\u015faat i\u015fleriniz zaman\u0131nda teslim edilir<\/div>\n\t\t\t\t\t\t<a class=\"service-more\" href=\"https:\/\/tbinsaat.com\/?page_id=736\">Bilgi Al\u0131n<\/a>\n\t\t\t<\/div>\n<\/div>\n<\/div><\/div><\/div><\/div><div id=\"pg-643-2\"  class=\"panel-grid panel-has-style\" ><div class=\"panel-row-style panel-row-style-for-643-2\" ><div id=\"pgc-643-2-0\"  class=\"panel-grid-cell panel-grid-cell-empty\" ><\/div><\/div><\/div><div id=\"pg-643-3\"  class=\"panel-grid panel-has-style\" ><div class=\"siteorigin-panels-stretch panel-row-style panel-row-style-for-643-3\" data-siteorigin-parallax=\"{&quot;backgroundUrl&quot;:&quot;https:\\\/\\\/tbinsaat.com\\\/wp-content\\\/uploads\\\/2017\\\/01\\\/CALL-TO-ACTION.jpg&quot;,&quot;backgroundSize&quot;:[1920,1000],&quot;backgroundSizing&quot;:&quot;scaled&quot;,&quot;limitMotion&quot;:&quot;auto&quot;}\" data-stretch-type=\"full\" ><div id=\"pgc-643-3-0\"  class=\"panel-grid-cell\" ><div id=\"panel-643-3-0-0\" class=\"so-panel widget widget_themegrill_flash_cta tg-widget call-to-action-section panel-first-child panel-last-child\" data-index=\"4\" ><div class=\"panel-widget-style panel-widget-style-for-643-3-0-0\" ><div class=\"cta-wrapper call-to-action-section-layout-1\">\n\t<div class=\"section-title-wrapper\">\n\t\t\t\t<h3 class=\"section-title\">Son teknoloJ\u0130 \u0130n\u015faat ekipmanlar\u0131 ile h\u0131zl\u0131 g\u00fcvenilir H\u0130zmet<\/h3>\n\t\t\t<\/div>\n\t\t<div class=\"btn-wrapper\">\n\t\t\t\t<a class=\"btn\" href=\"https:\/\/tbinsaat.com\/?page_id=736\">Bilgi Al\u0131n<\/a>\n\t\t\t\t\t\t<a class=\"btn\" href=\"https:\/\/tbinsaat.com\/?page_id=736\">\u0130leti\u015fim<\/a>\n\t\t\t<\/div>\n\t<\/div>\n<\/div><\/div><\/div><\/div><\/div><div id=\"pg-643-4\"  class=\"panel-grid panel-has-style\" ><div class=\"siteorigin-panels-stretch panel-row-style panel-row-style-for-643-4\" data-stretch-type=\"full\" ><div id=\"pgc-643-4-0\"  class=\"panel-grid-cell panel-grid-cell-empty\" ><\/div><\/div><\/div><div id=\"pg-643-5\"  class=\"panel-grid panel-has-style\" ><div class=\"panel-row-style panel-row-style-for-643-5\" ><div id=\"pgc-643-5-0\"  class=\"panel-grid-cell panel-grid-cell-empty\" ><\/div><\/div><\/div><div id=\"pg-643-6\"  class=\"panel-grid panel-has-style\" ><div class=\"panel-row-style panel-row-style-for-643-6\" ><div id=\"pgc-643-6-0\"  class=\"panel-grid-cell panel-grid-cell-empty\" ><\/div><\/div><\/div><\/div>","protected":false},"excerpt":{"rendered":"<p>TB \u0130n\u015faat ve Taahh\u00fct De\u011fi\u015fim , Yenilenme ve \u00c7\u00f6z\u00fcm Odakl\u0131 Strateji Bilgi Al\u0131n TB \u0130n\u015faat ve Taahh\u00fct Ayr\u0131nt\u0131l\u0131 , Esnek [&hellip;]<\/p>\n","protected":false},"author":1,"featured_media":0,"parent":0,"menu_order":0,"comment_status":"closed","ping_status":"closed","template":"page-templates\/pagebuilder.php","meta":[],"aioseo_notices":[],"_links":{"self":[{"href":"https:\/\/tbinsaat.com\/index.php?rest_route=\/wp\/v2\/pages\/643"}],"collection":[{"href":"https:\/\/tbinsaat.com\/index.php?rest_route=\/wp\/v2\/pages"}],"about":[{"href":"https:\/\/tbinsaat.com\/index.php?rest_route=\/wp\/v2\/types\/page"}],"author":[{"embeddable":true,"href":"https:\/\/tbinsaat.com\/index.php?rest_route=\/wp\/v2\/users\/1"}],"replies":[{"embeddable":true,"href":"https:\/\/tbinsaat.com\/index.php?rest_route=%2Fwp%2Fv2%2Fcomments&post=643"}],"version-history":[{"count":31,"href":"https:\/\/tbinsaat.com\/index.php?rest_route=\/wp\/v2\/pages\/643\/revisions"}],"predecessor-version":[{"id":981,"href":"https:\/\/tbinsaat.com\/index.php?rest_route=\/wp\/v2\/pages\/643\/revisions\/981"}],"wp:attachment":[{"href":"https:\/\/tbinsaat.com\/index.php?rest_route=%2Fwp%2Fv2%2Fmedia&parent=643"}],"curies":[{"name":"wp","href":"https:\/\/api.w.org\/{rel}","templated":true}]}}