{"id":885,"date":"2023-02-25T11:54:59","date_gmt":"2023-02-25T11:54:59","guid":{"rendered":"https:\/\/tbinsaat.com\/?page_id=885"},"modified":"2023-09-11T09:12:25","modified_gmt":"2023-09-11T09:12:25","slug":"devam-eden-islerimiz","status":"publish","type":"page","link":"https:\/\/tbinsaat.com\/?page_id=885","title":{"rendered":"Devam Eden Projeler"},"content":{"rendered":"\n<figure class=\"is-layout-flex wp-block-gallery-1 wp-block-gallery has-nested-images columns-default is-cropped\">\n<figure class=\"wp-block-image size-large\"><img decoding=\"async\" loading=\"lazy\" width=\"768\" height=\"1024\" data-id=\"850\"  src=\"https:\/\/tbinsaat.com\/wp-content\/uploads\/2023\/02\/8db4a5df-ad9b-4c1e-a51a-a738cc91ac62.jpeg\" alt=\"\" class=\"wp-image-850\" srcset=\"https:\/\/tbinsaat.com\/wp-content\/uploads\/2023\/02\/8db4a5df-ad9b-4c1e-a51a-a738cc91ac62.jpeg 768w, https:\/\/tbinsaat.com\/wp-content\/uploads\/2023\/02\/8db4a5df-ad9b-4c1e-a51a-a738cc91ac62-225x300.jpeg 225w, https:\/\/tbinsaat.com\/wp-content\/uploads\/2023\/02\/8db4a5df-ad9b-4c1e-a51a-a738cc91ac62-600x800.jpeg 600w\" sizes=\"(max-width: 768px) 100vw, 768px\" \/><figcaption class=\"wp-element-caption\"><strong>Elektrik Altyap\u0131 \u0130n\u015faat\u0131<\/strong><\/figcaption><\/figure>\n\n\n\n<figure class=\"wp-block-image size-large\"><img decoding=\"async\" loading=\"lazy\" width=\"768\" height=\"1024\" data-id=\"851\"  src=\"https:\/\/tbinsaat.com\/wp-content\/uploads\/2023\/02\/f5256db0-df88-4075-bde9-d2f2b332ac53.jpeg\" alt=\"\" class=\"wp-image-851\" srcset=\"https:\/\/tbinsaat.com\/wp-content\/uploads\/2023\/02\/f5256db0-df88-4075-bde9-d2f2b332ac53.jpeg 768w, https:\/\/tbinsaat.com\/wp-content\/uploads\/2023\/02\/f5256db0-df88-4075-bde9-d2f2b332ac53-225x300.jpeg 225w, https:\/\/tbinsaat.com\/wp-content\/uploads\/2023\/02\/f5256db0-df88-4075-bde9-d2f2b332ac53-600x800.jpeg 600w\" sizes=\"(max-width: 768px) 100vw, 768px\" \/><figcaption class=\"wp-element-caption\"><strong>Elektrik Altyap\u0131 \u0130n\u015faat\u0131<\/strong><\/figcaption><\/figure>\n\n\n\n<figure class=\"wp-block-image size-large\"><img decoding=\"async\" loading=\"lazy\" width=\"768\" height=\"1024\" data-id=\"854\"  src=\"https:\/\/tbinsaat.com\/wp-content\/uploads\/2023\/02\/ed341e4a-574c-4050-b8d1-094e65c0492b-768x1024.jpeg\" alt=\"\" class=\"wp-image-854\" srcset=\"https:\/\/tbinsaat.com\/wp-content\/uploads\/2023\/02\/ed341e4a-574c-4050-b8d1-094e65c0492b-768x1024.jpeg 768w, https:\/\/tbinsaat.com\/wp-content\/uploads\/2023\/02\/ed341e4a-574c-4050-b8d1-094e65c0492b-225x300.jpeg 225w, https:\/\/tbinsaat.com\/wp-content\/uploads\/2023\/02\/ed341e4a-574c-4050-b8d1-094e65c0492b-1152x1536.jpeg 1152w, https:\/\/tbinsaat.com\/wp-content\/uploads\/2023\/02\/ed341e4a-574c-4050-b8d1-094e65c0492b-600x800.jpeg 600w, https:\/\/tbinsaat.com\/wp-content\/uploads\/2023\/02\/ed341e4a-574c-4050-b8d1-094e65c0492b.jpeg 1200w\" sizes=\"(max-width: 768px) 100vw, 768px\" \/><figcaption class=\"wp-element-caption\"><strong>Elektrik Altyap\u0131 \u0130n\u015faat\u0131<\/strong><\/figcaption><\/figure>\n\n\n\n<figure class=\"wp-block-image size-large\"><img decoding=\"async\" loading=\"lazy\" width=\"768\" height=\"1024\" data-id=\"853\"  src=\"https:\/\/tbinsaat.com\/wp-content\/uploads\/2023\/02\/58732cd5-2bbe-44a3-9b80-f3e5d1a6b395.jpeg\" alt=\"\" class=\"wp-image-853\" srcset=\"https:\/\/tbinsaat.com\/wp-content\/uploads\/2023\/02\/58732cd5-2bbe-44a3-9b80-f3e5d1a6b395.jpeg 768w, https:\/\/tbinsaat.com\/wp-content\/uploads\/2023\/02\/58732cd5-2bbe-44a3-9b80-f3e5d1a6b395-225x300.jpeg 225w, https:\/\/tbinsaat.com\/wp-content\/uploads\/2023\/02\/58732cd5-2bbe-44a3-9b80-f3e5d1a6b395-600x800.jpeg 600w\" sizes=\"(max-width: 768px) 100vw, 768px\" \/><figcaption class=\"wp-element-caption\"><strong>Elektrik Altyap\u0131 \u0130n\u015faat\u0131<\/strong><\/figcaption><\/figure>\n\n\n\n<figure class=\"wp-block-image size-large\"><img decoding=\"async\" loading=\"lazy\" width=\"768\" height=\"1024\" data-id=\"852\"  src=\"https:\/\/tbinsaat.com\/wp-content\/uploads\/2023\/02\/8477cf4f-dcb6-492b-bd2c-f2c8eb4c3ecc.jpeg\" alt=\"\" class=\"wp-image-852\" srcset=\"https:\/\/tbinsaat.com\/wp-content\/uploads\/2023\/02\/8477cf4f-dcb6-492b-bd2c-f2c8eb4c3ecc.jpeg 768w, https:\/\/tbinsaat.com\/wp-content\/uploads\/2023\/02\/8477cf4f-dcb6-492b-bd2c-f2c8eb4c3ecc-225x300.jpeg 225w, https:\/\/tbinsaat.com\/wp-content\/uploads\/2023\/02\/8477cf4f-dcb6-492b-bd2c-f2c8eb4c3ecc-600x800.jpeg 600w\" sizes=\"(max-width: 768px) 100vw, 768px\" \/><figcaption class=\"wp-element-caption\"><strong>Elektrik Altyap\u0131 \u0130n\u015faat\u0131<\/strong><\/figcaption><\/figure>\n\n\n\n<figure class=\"wp-block-image size-large\"><img decoding=\"async\" loading=\"lazy\" width=\"768\" height=\"1024\" data-id=\"855\"  src=\"https:\/\/tbinsaat.com\/wp-content\/uploads\/2023\/02\/9d3a679d-f838-4341-a0b4-b1535dc68f22-768x1024.jpeg\" alt=\"\" class=\"wp-image-855\" srcset=\"https:\/\/tbinsaat.com\/wp-content\/uploads\/2023\/02\/9d3a679d-f838-4341-a0b4-b1535dc68f22-768x1024.jpeg 768w, https:\/\/tbinsaat.com\/wp-content\/uploads\/2023\/02\/9d3a679d-f838-4341-a0b4-b1535dc68f22-225x300.jpeg 225w, https:\/\/tbinsaat.com\/wp-content\/uploads\/2023\/02\/9d3a679d-f838-4341-a0b4-b1535dc68f22-1152x1536.jpeg 1152w, https:\/\/tbinsaat.com\/wp-content\/uploads\/2023\/02\/9d3a679d-f838-4341-a0b4-b1535dc68f22-600x800.jpeg 600w, https:\/\/tbinsaat.com\/wp-content\/uploads\/2023\/02\/9d3a679d-f838-4341-a0b4-b1535dc68f22.jpeg 1536w\" sizes=\"(max-width: 768px) 100vw, 768px\" \/><figcaption class=\"wp-element-caption\"><strong>Elektrik Altyap\u0131 \u0130n\u015faat\u0131<\/strong><\/figcaption><\/figure>\n<\/figure>\n\n\n\n<div class=\"is-layout-flex wp-container-6 wp-block-columns\">\n<div class=\"is-layout-flow wp-block-column\">\n<figure class=\"is-layout-flex wp-block-gallery-3 wp-block-gallery has-nested-images columns-default is-cropped\">\n<figure class=\"wp-block-image size-large\"><img decoding=\"async\" loading=\"lazy\" width=\"1024\" height=\"1024\" src=\"https:\/\/tbinsaat.com\/wp-content\/uploads\/2023\/02\/09a86245-8926-4502-8b46-12e70a4097c8-1024x1024.jpeg\" alt=\"\" class=\"wp-image-897\" srcset=\"https:\/\/tbinsaat.com\/wp-content\/uploads\/2023\/02\/09a86245-8926-4502-8b46-12e70a4097c8-1024x1024.jpeg 1024w, https:\/\/tbinsaat.com\/wp-content\/uploads\/2023\/02\/09a86245-8926-4502-8b46-12e70a4097c8-300x300.jpeg 300w, https:\/\/tbinsaat.com\/wp-content\/uploads\/2023\/02\/09a86245-8926-4502-8b46-12e70a4097c8-150x150.jpeg 150w, https:\/\/tbinsaat.com\/wp-content\/uploads\/2023\/02\/09a86245-8926-4502-8b46-12e70a4097c8-768x768.jpeg 768w, https:\/\/tbinsaat.com\/wp-content\/uploads\/2023\/02\/09a86245-8926-4502-8b46-12e70a4097c8-600x600.jpeg 600w, https:\/\/tbinsaat.com\/wp-content\/uploads\/2023\/02\/09a86245-8926-4502-8b46-12e70a4097c8-100x100.jpeg 100w, https:\/\/tbinsaat.com\/wp-content\/uploads\/2023\/02\/09a86245-8926-4502-8b46-12e70a4097c8.jpeg 1080w\" sizes=\"(max-width: 1024px) 100vw, 1024px\" \/><figcaption class=\"wp-element-caption\"><strong>Konteyner \u0130malat\u0131<\/strong><\/figcaption><\/figure>\n\n\n\n<figure class=\"wp-block-image size-large\"><img decoding=\"async\" loading=\"lazy\" width=\"1024\" height=\"1024\" src=\"https:\/\/tbinsaat.com\/wp-content\/uploads\/2023\/02\/631052d4-9119-48a4-acd4-28fb4a91b650-1024x1024.jpeg\" alt=\"\" class=\"wp-image-898\" srcset=\"https:\/\/tbinsaat.com\/wp-content\/uploads\/2023\/02\/631052d4-9119-48a4-acd4-28fb4a91b650-1024x1024.jpeg 1024w, https:\/\/tbinsaat.com\/wp-content\/uploads\/2023\/02\/631052d4-9119-48a4-acd4-28fb4a91b650-300x300.jpeg 300w, https:\/\/tbinsaat.com\/wp-content\/uploads\/2023\/02\/631052d4-9119-48a4-acd4-28fb4a91b650-150x150.jpeg 150w, https:\/\/tbinsaat.com\/wp-content\/uploads\/2023\/02\/631052d4-9119-48a4-acd4-28fb4a91b650-768x768.jpeg 768w, https:\/\/tbinsaat.com\/wp-content\/uploads\/2023\/02\/631052d4-9119-48a4-acd4-28fb4a91b650-600x600.jpeg 600w, https:\/\/tbinsaat.com\/wp-content\/uploads\/2023\/02\/631052d4-9119-48a4-acd4-28fb4a91b650-100x100.jpeg 100w, https:\/\/tbinsaat.com\/wp-content\/uploads\/2023\/02\/631052d4-9119-48a4-acd4-28fb4a91b650.jpeg 1080w\" sizes=\"(max-width: 1024px) 100vw, 1024px\" \/><figcaption class=\"wp-element-caption\"><strong>Konteyner \u0130malat\u0131<\/strong><\/figcaption><\/figure>\n\n\n\n<figure class=\"wp-block-image size-large\"><img decoding=\"async\" loading=\"lazy\" width=\"1024\" height=\"1024\" src=\"https:\/\/tbinsaat.com\/wp-content\/uploads\/2023\/02\/a7c49fa3-3b96-4272-954c-560031d97b1b-1024x1024.jpeg\" alt=\"\" class=\"wp-image-899\" srcset=\"https:\/\/tbinsaat.com\/wp-content\/uploads\/2023\/02\/a7c49fa3-3b96-4272-954c-560031d97b1b-1024x1024.jpeg 1024w, https:\/\/tbinsaat.com\/wp-content\/uploads\/2023\/02\/a7c49fa3-3b96-4272-954c-560031d97b1b-300x300.jpeg 300w, https:\/\/tbinsaat.com\/wp-content\/uploads\/2023\/02\/a7c49fa3-3b96-4272-954c-560031d97b1b-150x150.jpeg 150w, https:\/\/tbinsaat.com\/wp-content\/uploads\/2023\/02\/a7c49fa3-3b96-4272-954c-560031d97b1b-768x768.jpeg 768w, https:\/\/tbinsaat.com\/wp-content\/uploads\/2023\/02\/a7c49fa3-3b96-4272-954c-560031d97b1b-600x600.jpeg 600w, https:\/\/tbinsaat.com\/wp-content\/uploads\/2023\/02\/a7c49fa3-3b96-4272-954c-560031d97b1b-100x100.jpeg 100w, https:\/\/tbinsaat.com\/wp-content\/uploads\/2023\/02\/a7c49fa3-3b96-4272-954c-560031d97b1b.jpeg 1080w\" sizes=\"(max-width: 1024px) 100vw, 1024px\" \/><figcaption class=\"wp-element-caption\"><strong>Konteyner \u0130malat\u0131<\/strong><\/figcaption><\/figure>\n\n\n\n<figure class=\"wp-block-image size-large\"><img decoding=\"async\" loading=\"lazy\" width=\"500\" height=\"375\" src=\"https:\/\/tbinsaat.com\/wp-content\/uploads\/2023\/02\/2d33989e-7a7e-47fe-a28c-4fb20886dc65.jpeg\" alt=\"\" class=\"wp-image-912\" srcset=\"https:\/\/tbinsaat.com\/wp-content\/uploads\/2023\/02\/2d33989e-7a7e-47fe-a28c-4fb20886dc65.jpeg 500w, https:\/\/tbinsaat.com\/wp-content\/uploads\/2023\/02\/2d33989e-7a7e-47fe-a28c-4fb20886dc65-300x225.jpeg 300w\" sizes=\"(max-width: 500px) 100vw, 500px\" \/><figcaption class=\"wp-element-caption\"><strong>Konteyner \u0130malat\u0131<\/strong><\/figcaption><\/figure>\n\n\n\n<figure class=\"wp-block-image size-large\"><img decoding=\"async\" loading=\"lazy\" width=\"259\" height=\"194\" src=\"https:\/\/tbinsaat.com\/wp-content\/uploads\/2023\/02\/c49b1094-9bda-4ae2-94de-9eb9747fac64.jpeg\" alt=\"\" class=\"wp-image-913\"\/><figcaption class=\"wp-element-caption\"><strong>Konteyner \u0130malat\u0131<\/strong><\/figcaption><\/figure>\n<\/figure>\n<\/div>\n<\/div>\n","protected":false},"excerpt":{"rendered":"","protected":false},"author":1,"featured_media":0,"parent":808,"menu_order":0,"comment_status":"closed","ping_status":"closed","template":"page-templates\/full-width.php","meta":[],"aioseo_notices":[],"_links":{"self":[{"href":"https:\/\/tbinsaat.com\/index.php?rest_route=\/wp\/v2\/pages\/885"}],"collection":[{"href":"https:\/\/tbinsaat.com\/index.php?rest_route=\/wp\/v2\/pages"}],"about":[{"href":"https:\/\/tbinsaat.com\/index.php?rest_route=\/wp\/v2\/types\/page"}],"author":[{"embeddable":true,"href":"https:\/\/tbinsaat.com\/index.php?rest_route=\/wp\/v2\/users\/1"}],"replies":[{"embeddable":true,"href":"https:\/\/tbinsaat.com\/index.php?rest_route=%2Fwp%2Fv2%2Fcomments&post=885"}],"version-history":[{"count":5,"href":"https:\/\/tbinsaat.com\/index.php?rest_route=\/wp\/v2\/pages\/885\/revisions"}],"predecessor-version":[{"id":1023,"href":"https:\/\/tbinsaat.com\/index.php?rest_route=\/wp\/v2\/pages\/885\/revisions\/1023"}],"up":[{"embeddable":true,"href":"https:\/\/tbinsaat.com\/index.php?rest_route=\/wp\/v2\/pages\/808"}],"wp:attachment":[{"href":"https:\/\/tbinsaat.com\/index.php?rest_route=%2Fwp%2Fv2%2Fmedia&parent=885"}],"curies":[{"name":"wp","href":"https:\/\/api.w.org\/{rel}","templated":true}]}}